{"id":276,"date":"2021-05-30T21:04:47","date_gmt":"2021-05-30T19:04:47","guid":{"rendered":"http:\/\/labicyclettedargent.fr\/?page_id=276"},"modified":"2021-05-30T21:04:47","modified_gmt":"2021-05-30T19:04:47","slug":"notre-restaurant","status":"publish","type":"page","link":"https:\/\/labicyclettedargent.fr\/index.php\/notre-restaurant\/","title":{"rendered":"Notre Restaurant"},"content":{"rendered":"<p><strong>Formules du midi en semaine :<\/strong><\/p>\n<p>Formule compl\u00e8te : 12,40 \u20ac <em>(entr\u00e9e + plat + dessert + 1\/4 de vin ou caf\u00e9)<\/em><br \/>\nFormule \u00e0 l&#8217;assiette : 13,60 \u20ac<br \/>\nFormule \u00e9co : 10,90 \u20ac <em>(entr\u00e9e + plat \/ plat + dessert \/ entr\u00e9e + dessert)<\/em><br \/>\nPlat du jour : 9,20 \u20ac<\/p>\n<p><em><strong>NOUVEAU\u00a0<\/strong><\/em>pour la rentr\u00e9e La Bicyclette d&#8217;Argent vous propose des plats \u00e0 emporter : plateaux pour vos r\u00e9unions, burgers ou sandwich\u2026 Livraison possible.<\/p>\n<p><img loading=\"lazy\" class=\"alignnone size-medium wp-image-303\" src=\"http:\/\/labicyclettedargent.fr\/wp-content\/uploads\/2018\/09\/2018-09-plats-\u00e0-emporter-300x169.jpg\" alt=\"\" width=\"300\" height=\"169\" srcset=\"https:\/\/labicyclettedargent.fr\/wp-content\/uploads\/2018\/09\/2018-09-plats-\u00e0-emporter-300x169.jpg 300w, https:\/\/labicyclettedargent.fr\/wp-content\/uploads\/2018\/09\/2018-09-plats-\u00e0-emporter-768x432.jpg 768w, https:\/\/labicyclettedargent.fr\/wp-content\/uploads\/2018\/09\/2018-09-plats-\u00e0-emporter-1024x576.jpg 1024w, https:\/\/labicyclettedargent.fr\/wp-content\/uploads\/2018\/09\/2018-09-plats-\u00e0-emporter.jpg 1280w\" sizes=\"(max-width: 300px) 100vw, 300px\" \/><\/p>\n<p>La Bicyclette d&#8217;Argent vous accueille sur 3 espaces de restauration distinct et une terrasse.<em><br \/>\n<\/em><\/p>\n<p>Pour vous r\u00e9compenser de votre fid\u00e9lit\u00e9, La Bicyclette d&#8217;Argent a mis en place une carte sp\u00e9ciale !<\/p>\n<p>Vous trouverez de nombreuses places de parkings \u00e0 proximit\u00e9 du restaurant.<\/p>\n","protected":false},"excerpt":{"rendered":"<p>Formules du midi en semaine : Formule compl\u00e8te : 12,40 \u20ac (entr\u00e9e + plat + dessert + 1\/4 de vin ou caf\u00e9) Formule \u00e0 l&#8217;assiette : 13,60 \u20ac Formule \u00e9co : 10,90 \u20ac (entr\u00e9e + plat \/ plat + dessert \/ entr\u00e9e + dessert) Plat du jour : 9,20 \u20ac NOUVEAU\u00a0pour la rentr\u00e9e La Bicyclette &hellip; <\/p>\n<p class=\"link-more\"><a href=\"https:\/\/labicyclettedargent.fr\/index.php\/notre-restaurant\/\" class=\"more-link\">Continue reading<span class=\"screen-reader-text\"> &#8220;Notre Restaurant&#8221;<\/span><\/a><\/p>\n","protected":false},"author":1,"featured_media":0,"parent":0,"menu_order":2,"comment_status":"closed","ping_status":"closed","template":"","meta":[],"_links":{"self":[{"href":"https:\/\/labicyclettedargent.fr\/index.php\/wp-json\/wp\/v2\/pages\/276"}],"collection":[{"href":"https:\/\/labicyclettedargent.fr\/index.php\/wp-json\/wp\/v2\/pages"}],"about":[{"href":"https:\/\/labicyclettedargent.fr\/index.php\/wp-json\/wp\/v2\/types\/page"}],"author":[{"embeddable":true,"href":"https:\/\/labicyclettedargent.fr\/index.php\/wp-json\/wp\/v2\/users\/1"}],"replies":[{"embeddable":true,"href":"https:\/\/labicyclettedargent.fr\/index.php\/wp-json\/wp\/v2\/comments?post=276"}],"version-history":[{"count":3,"href":"https:\/\/labicyclettedargent.fr\/index.php\/wp-json\/wp\/v2\/pages\/276\/revisions"}],"predecessor-version":[{"id":677,"href":"https:\/\/labicyclettedargent.fr\/index.php\/wp-json\/wp\/v2\/pages\/276\/revisions\/677"}],"wp:attachment":[{"href":"https:\/\/labicyclettedargent.fr\/index.php\/wp-json\/wp\/v2\/media?parent=276"}],"curies":[{"name":"wp","href":"https:\/\/api.w.org\/{rel}","templated":true}]}}