{"id":7,"date":"2017-09-14T21:42:57","date_gmt":"2017-09-14T19:42:57","guid":{"rendered":"http:\/\/labicyclettedargent.fr\/?page_id=7"},"modified":"2019-07-24T17:59:11","modified_gmt":"2019-07-24T15:59:11","slug":"accueil","status":"publish","type":"page","link":"https:\/\/labicyclettedargent.fr\/","title":{"rendered":"Accueil"},"content":{"rendered":"<h1>Bienvenue<\/h1>\n<p>La Bicyclette d&#8217;Argent vous\u00a0accueille du lundi au vendredi, tous les midis.\u00a0 Nous vous proposons une cuisine traditionnelle \u00e9labor\u00e9e avec des produits frais et de saison.\u00a0 Nous travaillons essentiellement avec des producteurs du Pays de Retz.<\/p>\n<p>Nous vous proposons \u00e9galement des prestations traiteur les soirs et week-end sur r\u00e9servation : dans notre \u00e9tablissent ou sur les lieux de votre choix.<\/p>\n<p><strong>Mariage, repas de famille, cocktail, repas d&#8217;affaires&#8230;<\/strong><\/p>\n<p>Nous esp\u00e9rons que ce site internet vous aidera \u00e0 en savoir plus sur nous :\u00a0 galerie photos, menus, tarifs&#8230;<\/p>\n<p>N&#8217;h\u00e9sitez pas \u00e0 nous contacter pour toute demande de devis ou simple question.<\/p>\n<p>\u00e0 bient\u00f4t !<\/p>\n<p>&nbsp;<\/p>\n<p>&nbsp;<\/p>\n<p>&nbsp;<\/p>\n<h1><\/h1>\n<p>&nbsp;<\/p>\n<p>&nbsp;<\/p>\n<p><span style=\"border-radius: 2px; text-indent: 20px; width: auto; padding: 0px 4px 0px 0px; text-align: center; font: bold 11px\/20px 'Helvetica Neue',Helvetica,sans-serif; color: #ffffff; background: #bd081c no-repeat scroll 3px 50% \/ 14px 14px; position: absolute; opacity: 1; z-index: 8675309; display: none; cursor: pointer; top: 602px; left: 50px;\">Enregistrer<\/span><\/p>\n","protected":false},"excerpt":{"rendered":"<p>Bienvenue La Bicyclette d&#8217;Argent vous\u00a0accueille du lundi au vendredi, tous les midis.\u00a0 Nous vous proposons une cuisine traditionnelle \u00e9labor\u00e9e avec des produits frais et de saison.\u00a0 Nous travaillons essentiellement avec des producteurs du Pays de Retz. Nous vous proposons \u00e9galement des prestations traiteur les soirs et week-end sur r\u00e9servation : dans notre \u00e9tablissent ou sur &hellip; <\/p>\n<p class=\"link-more\"><a href=\"https:\/\/labicyclettedargent.fr\/\" class=\"more-link\">Continue reading<span class=\"screen-reader-text\"> &#8220;Accueil&#8221;<\/span><\/a><\/p>\n","protected":false},"author":1,"featured_media":0,"parent":0,"menu_order":1,"comment_status":"closed","ping_status":"closed","template":"","meta":[],"_links":{"self":[{"href":"https:\/\/labicyclettedargent.fr\/index.php\/wp-json\/wp\/v2\/pages\/7"}],"collection":[{"href":"https:\/\/labicyclettedargent.fr\/index.php\/wp-json\/wp\/v2\/pages"}],"about":[{"href":"https:\/\/labicyclettedargent.fr\/index.php\/wp-json\/wp\/v2\/types\/page"}],"author":[{"embeddable":true,"href":"https:\/\/labicyclettedargent.fr\/index.php\/wp-json\/wp\/v2\/users\/1"}],"replies":[{"embeddable":true,"href":"https:\/\/labicyclettedargent.fr\/index.php\/wp-json\/wp\/v2\/comments?post=7"}],"version-history":[{"count":6,"href":"https:\/\/labicyclettedargent.fr\/index.php\/wp-json\/wp\/v2\/pages\/7\/revisions"}],"predecessor-version":[{"id":255,"href":"https:\/\/labicyclettedargent.fr\/index.php\/wp-json\/wp\/v2\/pages\/7\/revisions\/255"}],"wp:attachment":[{"href":"https:\/\/labicyclettedargent.fr\/index.php\/wp-json\/wp\/v2\/media?parent=7"}],"curies":[{"name":"wp","href":"https:\/\/api.w.org\/{rel}","templated":true}]}}